{"id":5896,"date":"2015-02-28T07:26:51","date_gmt":"2015-02-28T07:26:51","guid":{"rendered":"http:\/\/192.168.1.121\/wordpress.mu\/howfresh\/?page_id=5896"},"modified":"2025-01-10T19:52:50","modified_gmt":"2025-01-10T18:52:50","slug":"contact","status":"publish","type":"page","link":"https:\/\/isafira.pl\/index.php\/contact\/","title":{"rendered":"Kontakt"},"content":{"rendered":"<div class=\"section-heading headingstyle-default section-align-left\" style=\"padding-top:124px;padding-bottom:28px;margin-bottom:0px;\"><h1 class=\"animation-standby animated fadeIn entry-title section-title\" >Kontakt<\/h1><div class=\"section-description animation-standby animated fadeIn  section-style-none\"><p>Jeste\u015b zainteresowany\/na pokazem, warsztatami lub masz do mnie jakie\u015b inne pytanie? Zapraszam do kontaktu!<\/p>\n<\/div><\/div>\n<div class=\"animation-standby animated none\">\n<h3 style=\"text-align: left;\">ISAFIRA Monika \u017burek<\/h3>\n<p style=\"text-align: left;\">+48 534 386 441<br \/>\nkontakt@isafira.pl<\/p>\n<p>os. ks. W\u0142adys\u0142awa 5F\/40, 44-240 \u017bory<br \/>\nNIP: <span id=\"MainContentForm_lblNip\">6511745922<\/span><br \/>\nREGON: <span id=\"MainContentForm_lblRegon\">526834910<\/span><\/p>\n<\/div>\n<p>[contact-form-7 id=&#8221;ce2fbe8&#8243; title=&#8221;Formularz kontaktowy&#8221;]<\/p>\n<div class=\"animation-standby animated none\"><\/div>\n<div class=\"animation-standby animated none\">\n<p style=\"text-align: left;\">* Podanie danych jest dobrowolne. Dane s\u0105 wykorzystywane jedynie do cel\u00f3w kontaktowych i nie s\u0105 przechowywane.<\/p>\n<\/div>\n","protected":false},"excerpt":{"rendered":"<p>ISAFIRA Monika \u017burek +48 534 386 441 kontakt@isafira.pl os. ks. W\u0142adys\u0142awa 5F\/40, 44-240 \u017bory NIP: 6511745922 REGON: 526834910 [contact-form-7 id=&#8221;ce2fbe8&#8243; title=&#8221;Formularz kontaktowy&#8221;] * Podanie danych jest dobrowolne. Dane s\u0105 wykorzystywane jedynie do cel\u00f3w kontaktowych i nie s\u0105 przechowywane.<\/p>\n","protected":false},"author":1,"featured_media":0,"parent":0,"menu_order":0,"comment_status":"open","ping_status":"open","template":"","meta":{"_monsterinsights_skip_tracking":false,"_monsterinsights_sitenote_active":false,"_monsterinsights_sitenote_note":"","_monsterinsights_sitenote_category":0,"footnotes":""},"class_list":["post-5896","page","type-page","status-publish","hentry"],"aioseo_notices":[],"_links":{"self":[{"href":"https:\/\/isafira.pl\/index.php\/wp-json\/wp\/v2\/pages\/5896","targetHints":{"allow":["GET"]}}],"collection":[{"href":"https:\/\/isafira.pl\/index.php\/wp-json\/wp\/v2\/pages"}],"about":[{"href":"https:\/\/isafira.pl\/index.php\/wp-json\/wp\/v2\/types\/page"}],"author":[{"embeddable":true,"href":"https:\/\/isafira.pl\/index.php\/wp-json\/wp\/v2\/users\/1"}],"replies":[{"embeddable":true,"href":"https:\/\/isafira.pl\/index.php\/wp-json\/wp\/v2\/comments?post=5896"}],"version-history":[{"count":9,"href":"https:\/\/isafira.pl\/index.php\/wp-json\/wp\/v2\/pages\/5896\/revisions"}],"predecessor-version":[{"id":12138,"href":"https:\/\/isafira.pl\/index.php\/wp-json\/wp\/v2\/pages\/5896\/revisions\/12138"}],"wp:attachment":[{"href":"https:\/\/isafira.pl\/index.php\/wp-json\/wp\/v2\/media?parent=5896"}],"curies":[{"name":"wp","href":"https:\/\/api.w.org\/{rel}","templated":true}]}}