{"id":11611,"date":"2023-11-04T19:45:21","date_gmt":"2023-11-04T18:45:21","guid":{"rendered":"http:\/\/test.arjuna.pl\/?page_id=11611"},"modified":"2025-01-12T11:28:30","modified_gmt":"2025-01-12T10:28:30","slug":"lightshow","status":"publish","type":"page","link":"https:\/\/isafira.pl\/index.php\/lightshow\/","title":{"rendered":"Lightshow"},"content":{"rendered":"<div class=\"section-heading headingstyle-default section-align-center\" style=\"padding-top:0;padding-bottom:14px;margin-bottom:0px;\"><h1 class=\"none entry-title section-title\" >POKAZY LIGHTSHOW<\/h1><div class=\"section-description none  section-style-none\"><p>Gdzie ogie\u0144 nie mo\u017ce tam \u015bwiat\u0142o po\u015ble<\/p>\n<\/div><\/div>\n<div class=\"animation-standby animated none\"><\/div>\n<div class=\"button-shortcode button-shortcode-69ea10e18bfb0\" style=\"text-align:center;\"><a href=\"\/index.php\/calc\/\" _self><div  class=\"mtheme-button\">Oblicz koszt pokazu + koszty dojazdu<\/div><\/a><\/div>\n<div class=\"animation-standby animated none\"><\/div>\n<div class=\"single-image-block none\" style=\"width:; margin:0 auto; margin-top:0px;margin-bottom:0px;padding-top:0;padding-bottom:0;text-align:left;\"><div class=\"block-reveal-image\"><\/div><img decoding=\"async\" src=\"http:\/\/isafira.pl\/wp-content\/uploads\/2023\/11\/Program-w-przygotowaniu.jpg\" alt=\"\"\/><\/div>\n<div class=\"animation-standby animated none\">\n<h2 style=\"text-align: center;\">Aurora<br \/>\n\u2043pokaz podstawowy\u2043<\/h2>\n<p>Premiera w 2024 roku<\/p>\n<\/div>\n<div class=\"animation-standby animated none\">\n<p><strong>Czas:<\/strong> &#8211;<\/p>\n<p><strong>Dla kogo:<\/strong> dla ka\u017cdego<\/p>\n<p><strong>Rekwizyty:<\/strong> LED, pirotechnika<\/p>\n<p><strong>Minimalne wymiary sceny:<\/strong> 4&#215;4 m<\/p>\n<p><strong>Cena:<\/strong> 1000 z\u0142 netto (1273 z\u0142 brutto)<\/p>\n<\/div>\n<div class=\"clearfix hline-common hline-single\" style=\"margin-top:10px;margin-bottom:10px;border-color:#ffffff;border-width:1px;\"><\/div>\n<div class=\"clearfix divider-common default-divider  divider-blank\" style=\"padding-top:56px;\"><\/div>\n<div class=\"single-image-block none\" style=\"width:; margin:0 auto; margin-top:0px;margin-bottom:0px;padding-top:0;padding-bottom:0;text-align:left;\"><div class=\"block-reveal-image\"><\/div><img decoding=\"async\" src=\"http:\/\/isafira.pl\/wp-content\/uploads\/2023\/11\/Program-w-przygotowaniu.jpg\" alt=\"\"\/><\/div>\n<div class=\"animation-standby animated none\">\n<h2 style=\"text-align: center;\">Tosia znajduje Gwiazdk\u0119<br \/>\n\u2043pokaz \u015bwi\u0105teczny\u2043<\/h2>\n<p>Elfka Tosia odkrywa, \u017ce na niebie brakuje Gwiazdki Bo\u017conarodzeniowej. Wyrusza w podr\u00f3\u017c pe\u0142n\u0105 \u015bwi\u0105tecznej magii i przyg\u00f3d. Gdzie znajdowa\u0142a si\u0119 Gwiazdka i czy uda si\u0119 j\u0105 przywr\u00f3ci\u0107 na zimowe niebo?<\/p>\n<p>W dzisiejszym szybkim i cyfrowym \u015bwiecie wielu zapomina o magii \u015awi\u0105t Bo\u017cego Narodzenia. Powinno si\u0119 t\u0119 wiar\u0119 piel\u0119gnowa\u0107 zw\u0142aszcza w\u015br\u00f3d dzieci. To ich rado\u015b\u0107 nap\u0119dza t\u0119 \u201eGwiazdk\u0119\u201d w sercach ka\u017cdego z nas.<\/p>\n<p><strong>POKAZ DO WYBORU W WERSJI FIRESHOW I LIGHTSHOW<\/strong><\/p>\n<\/div>\n<div class=\"animation-standby animated none\">\n<p><strong>Czas:<\/strong> 12 minut<\/p>\n<p><strong>Dla kogo:<\/strong> dla dzieci<\/p>\n<p><strong>Rekwizyty:<\/strong> ogniowe, pirotechnika (dym, fontanny iskier) \/ LED<\/p>\n<p><strong>Minimalne wymiary sceny:<\/strong>\u00a04&#215;4 m<\/p>\n<p><strong>Cena:<\/strong> 600 z\u0142 netto (738 z\u0142 brutto)<\/p>\n<\/div>\n","protected":false},"excerpt":{"rendered":"<p>Aurora \u2043pokaz podstawowy\u2043 Premiera w 2024 roku Czas: &#8211; Dla kogo: dla ka\u017cdego Rekwizyty: LED, pirotechnika Minimalne wymiary sceny: 4&#215;4 m Cena: 1000 z\u0142 netto (1273 z\u0142 brutto) Tosia znajduje Gwiazdk\u0119 \u2043pokaz \u015bwi\u0105teczny\u2043 Elfka Tosia odkrywa, \u017ce na niebie brakuje Gwiazdki Bo\u017conarodzeniowej. Wyrusza w podr\u00f3\u017c pe\u0142n\u0105 \u015bwi\u0105tecznej magii i przyg\u00f3d. Gdzie znajdowa\u0142a si\u0119 Gwiazdka i czy uda si\u0119 j\u0105 przywr\u00f3ci\u0107 na zimowe niebo? W dzisiejszym szybkim i cyfrowym \u015bwiecie wielu zapomina o magii \u015awi\u0105t Bo\u017cego Narodzenia. Powinno si\u0119 t\u0119 wiar\u0119 [&hellip;]<\/p>\n","protected":false},"author":1,"featured_media":0,"parent":0,"menu_order":0,"comment_status":"closed","ping_status":"closed","template":"","meta":{"_monsterinsights_skip_tracking":false,"_monsterinsights_sitenote_active":false,"_monsterinsights_sitenote_note":"","_monsterinsights_sitenote_category":0,"footnotes":""},"class_list":["post-11611","page","type-page","status-publish","hentry"],"aioseo_notices":[],"_links":{"self":[{"href":"https:\/\/isafira.pl\/index.php\/wp-json\/wp\/v2\/pages\/11611","targetHints":{"allow":["GET"]}}],"collection":[{"href":"https:\/\/isafira.pl\/index.php\/wp-json\/wp\/v2\/pages"}],"about":[{"href":"https:\/\/isafira.pl\/index.php\/wp-json\/wp\/v2\/types\/page"}],"author":[{"embeddable":true,"href":"https:\/\/isafira.pl\/index.php\/wp-json\/wp\/v2\/users\/1"}],"replies":[{"embeddable":true,"href":"https:\/\/isafira.pl\/index.php\/wp-json\/wp\/v2\/comments?post=11611"}],"version-history":[{"count":11,"href":"https:\/\/isafira.pl\/index.php\/wp-json\/wp\/v2\/pages\/11611\/revisions"}],"predecessor-version":[{"id":12164,"href":"https:\/\/isafira.pl\/index.php\/wp-json\/wp\/v2\/pages\/11611\/revisions\/12164"}],"wp:attachment":[{"href":"https:\/\/isafira.pl\/index.php\/wp-json\/wp\/v2\/media?parent=11611"}],"curies":[{"name":"wp","href":"https:\/\/api.w.org\/{rel}","templated":true}]}}