{"id":11609,"date":"2023-11-04T19:44:30","date_gmt":"2023-11-04T18:44:30","guid":{"rendered":"http:\/\/test.arjuna.pl\/?page_id=11609"},"modified":"2026-02-16T18:44:43","modified_gmt":"2026-02-16T17:44:43","slug":"fireshow","status":"publish","type":"page","link":"https:\/\/isafira.pl\/index.php\/fireshow\/","title":{"rendered":"Fireshow"},"content":{"rendered":"<div class=\"section-heading headingstyle-default section-align-center\" style=\"padding-top:0;padding-bottom:14px;margin-bottom:0px;\"><h1 class=\"none entry-title section-title\" >POKAZY FIRESHOW<\/h1><div class=\"section-description none  section-style-none\"><p>Pierwotny \u017cywio\u0142 pokazany w mistycznej formie<\/p>\n<\/div><\/div>\n<div class=\"animation-standby animated none\"><\/div>\n<div class=\"button-shortcode button-shortcode-69ea0ffd0b7eb\" style=\"text-align:center;\"><a href=\"\/index.php\/calc\/\" _self><div  class=\"mtheme-button\">Oblicz koszt pokazu + koszty dojazdu<\/div><\/a><\/div>\n<div class=\"animation-standby animated none\"><\/div>\n<div class=\"single-image-block none\" style=\"width:; margin:0 auto; margin-top:0px;margin-bottom:0px;padding-top:0;padding-bottom:0;text-align:left;\"><div class=\"block-reveal-image\"><\/div><img decoding=\"async\" src=\"http:\/\/isafira.pl\/wp-content\/uploads\/2016\/07\/Opowiesci-Midgardu1.jpg\" alt=\"\"\/><\/div>\n<div class=\"animation-standby animated none\">\n<h2 style=\"text-align: center;\">Opowie\u015bci Midgardu<br \/>\n\u2043pokaz podstawowy\u2043<\/h2>\n<p>Dobra czarodziejka przypadkiem trafia do \u015bwiata gdzie rz\u0105dzi z\u0142o i przemoc, ale dzi\u0119ki swojemu dobremu sercu udaje jej si\u0119 wyrwa\u0107 ze szpon\u00f3w z\u0142a i wr\u00f3ci\u0107 do swojej krainy.<\/p>\n<p>&#8220;Opowie\u015bci Midgardu&#8221; s\u0105 podstawowym programem na ka\u017cd\u0105 okazj\u0119: od festynu po wesele. Historia rozkr\u0119caj\u0105ca si\u0119 z minuty na minut\u0119, posiadaj\u0105ca element zaskoczenia i zachwytu. Mistyczna oprawa wizualna sprawia, \u017ce widownia jest wci\u0105gana w opowie\u015b\u0107 ju\u017c od pocz\u0105tku pokazu.<\/p>\n<\/div>\n<div class=\"animation-standby animated none\">\n<p><strong>Czas:<\/strong> 13 minut<\/p>\n<p><strong>Dla kogo:<\/strong> bez ogranicze\u0144 wiekowych<\/p>\n<p><strong>Rekwizyty:<\/strong> ogniowe, iskrowe\/LED*, pirotechnika<\/p>\n<p><strong>Minimalne wymiary sceny:\u00a0<\/strong>6&#215;6 m<\/p>\n<p><strong>Cena:<\/strong> 1500 z\u0142 netto (<span class=\"ILfuVd\" lang=\"pl\"><span class=\"hgKElc\">1910<\/span><\/span> z\u0142 brutto)<\/p>\n<p>* w przypadku zbyt du\u017cego wiatru ze wzgl\u0119d\u00f3w bezpiecze\u0144stwa zmiana iskier na rekwizyt LEDowy<\/p>\n<\/div>\n<div class=\"clearfix hline-common hline-single\" style=\"margin-top:10px;margin-bottom:30px;border-color:#ffffff;border-width:1px;\"><\/div>\n<div class=\"single-image-block none\" style=\"width:; margin:0 auto; margin-top:0px;margin-bottom:0px;padding-top:0;padding-bottom:0;text-align:left;\"><div class=\"block-reveal-image\"><\/div><img decoding=\"async\" src=\"http:\/\/isafira.pl\/wp-content\/uploads\/2023\/11\/DSC_49521.jpg\" alt=\"\"\/><\/div>\n<div class=\"animation-standby animated none\">\n<h2 style=\"text-align: center;\">Kraina marze\u0144<br \/>\n\u2043pokaz dla dzieci\u2043<\/h2>\n<p>W krainie marze\u0144 wszystko jest mo\u017cliwe. Raz stoisz u boku Elsy na za\u015bnie\u017conym szczycie, a chwil\u0119 p\u00f3\u017aniej trenujesz \u0142ucznictwo z Merid\u0105 Waleczn\u0105. Tutaj mo\u017cesz by\u0107 sob\u0105 bez wzgl\u0119du na przeciwno\u015bci losu. I przede wszystkim dobrze si\u0119 bawi\u0107!<\/p>\n<p>Program &#8220;Kraina marze\u0144&#8221; to pi\u0119kna historia o rado\u015bci z bycia wewn\u0119trznym dzieckiem. Piosenkom z popularnych film\u00f3w animowanych towarzyszy ogie\u0144, dym i pirotechnika &#8211; wszystko po to, by wyzwoli\u0107 w Tobie pozytywne emocje i magiczne wspomnienia. Mimo, \u017ce to program skierowany g\u0142\u00f3wnie dla m\u0142odszej widowni, to i doros\u0142y znajdzie w nim cz\u0105stk\u0119 siebie.<\/p>\n<\/div>\n<div class=\"animation-standby animated none\">\n<p><strong>Czas:<\/strong> 12 minut<\/p>\n<p><strong>Dla kogo:<\/strong> dla\u00a0 dzieci<\/p>\n<p><strong>Rekwizyty:<\/strong> ogniowe, pirotechnika\/LED<\/p>\n<p><strong>Minimalne wymiary sceny: <\/strong>4&#215;4 m<\/p>\n<p><strong>Cena:<\/strong> 1000 z\u0142 netto (<span class=\"ILfuVd\" lang=\"pl\"><span class=\"hgKElc\">1273 z\u0142 brutto)<\/span><\/span><\/p>\n<\/div>\n<div class=\"clearfix hline-common hline-single\" style=\"margin-top:10px;margin-bottom:30px;border-color:#ffffff;border-width:1px;\"><\/div>\n<div class=\"single-image-block none\" style=\"width:; margin:0 auto; margin-top:0px;margin-bottom:0px;padding-top:0;padding-bottom:0;text-align:left;\"><div class=\"block-reveal-image\"><\/div><img decoding=\"async\" src=\"http:\/\/isafira.pl\/wp-content\/uploads\/2016\/07\/343055049_178023778510768_845590594631500258_n.jpg\" alt=\"\"\/><\/div>\n<div class=\"animation-standby animated none\">\n<h2 style=\"text-align: center;\">Kwiat Dziewanny<br \/>\n\u2043pokaz s\u0142owia\u0144ski\u2043<\/h2>\n<p>&#8220;Kwiat Dziewanny&#8221; to opowie\u015b\u0107 o s\u0142owia\u0144skiej le\u015bnej bogini. Dziewanna pomaga zb\u0142\u0105kanym i chroni le\u015bne knieje. Lecz co si\u0119 stanie, kiedy jej dom, las, stanie w p\u0142omieniach?<\/p>\n<p>Program jest ho\u0142dem dla s\u0142owia\u0144skich legend i obyczaj\u00f3w. U\u017cycie kadzide\u0142 zio\u0142owych oraz element\u00f3w s\u0142owia\u0144skiego ubioru pot\u0119guje uczucie, \u017ce widz bierze udzia\u0142 w mistycznym prze\u017cyciu z dawnych lat.<\/p>\n<\/div>\n<div class=\"animation-standby animated none\">\n<p><strong>Czas:<\/strong> 16 minut<\/p>\n<p><strong>Dla kogo:<\/strong> bez ogranicze\u0144 wiekowych<\/p>\n<p><strong>Rekwizyty:<\/strong> ogniowe, pirotechnika, LED<\/p>\n<p><strong>Minimalne wymiary sceny:\u00a0<\/strong>4&#215;4 m<\/p>\n<p><strong>Cena:<\/strong> 1200 z\u0142 netto (<span class=\"ILfuVd\" lang=\"pl\"><span class=\"hgKElc\">1528 z\u0142 brutto)<\/span><\/span><\/p>\n<\/div>\n<div class=\"clearfix hline-common hline-single\" style=\"margin-top:10px;margin-bottom:30px;border-color:#ffffff;border-width:1px;\"><\/div>\n<div class=\"single-image-block none\" style=\"width:; margin:0 auto; margin-top:0px;margin-bottom:0px;padding-top:0;padding-bottom:0;text-align:left;\"><div class=\"block-reveal-image\"><\/div><img decoding=\"async\" src=\"http:\/\/isafira.pl\/wp-content\/uploads\/2023\/11\/Program-w-przygotowaniu.jpg\" alt=\"\"\/><\/div>\n<div class=\"animation-standby animated none\">\n<h2 style=\"text-align: center;\">Tosia znajduje Gwiazdk\u0119<br \/>\n\u2043pokaz \u015bwi\u0105teczny\u2043<\/h2>\n<p>Elfka Tosia odkrywa, \u017ce na niebie brakuje Gwiazdki Bo\u017conarodzeniowej. Wyrusza w podr\u00f3\u017c pe\u0142n\u0105 \u015bwi\u0105tecznej magii i przyg\u00f3d. Gdzie znajdowa\u0142a si\u0119 Gwiazdka i czy uda si\u0119 j\u0105 przywr\u00f3ci\u0107 na zimowe niebo?<\/p>\n<p>W dzisiejszym szybkim i cyfrowym \u015bwiecie wielu zapomina o magii \u015awi\u0105t Bo\u017cego Narodzenia. Powinno si\u0119 t\u0119 wiar\u0119 piel\u0119gnowa\u0107 zw\u0142aszcza w\u015br\u00f3d dzieci. To ich rado\u015b\u0107 nap\u0119dza t\u0119 \u201eGwiazdk\u0119\u201d w sercach ka\u017cdego z nas.<\/p>\n<p><strong>POKAZ DO WYBORU W WERSJI FIRESHOW LUB LIGHTSHOW<\/strong><\/p>\n<\/div>\n<div class=\"animation-standby animated none\">\n<p><strong>Czas:<\/strong> 12 minut<\/p>\n<p><strong>Dla kogo:<\/strong> dla dzieci<\/p>\n<p><strong>Rekwizyty:<\/strong> ogniowe, pirotechnika, LED<\/p>\n<p><strong>Minimalne wymiary sceny:<\/strong> 4&#215;4 m<\/p>\n<p><strong>Cena:<\/strong> 600 z\u0142 netto (738 z\u0142 brutto)<\/p>\n<\/div>\n<div class=\"clearfix hline-common hline-single\" style=\"margin-top:10px;margin-bottom:30px;border-color:#ffffff;border-width:1px;\"><\/div>\n<div class=\"single-image-block none\" style=\"width:; margin:0 auto; margin-top:0px;margin-bottom:0px;padding-top:0;padding-bottom:0;text-align:left;\"><div class=\"block-reveal-image\"><\/div><img decoding=\"async\" src=\"http:\/\/isafira.pl\/wp-content\/uploads\/2023\/11\/IMG_3758-scaled.jpg\" alt=\"\"\/><\/div>\n<div class=\"animation-standby animated none\">\n<h2 style=\"text-align: center;\">Ogniste wesele<br \/>\n\u2043pokaz premium\u2043<\/h2>\n<p>Za\u015blubiny to dla wielu jeden z najwa\u017cniejszych moment\u00f3w w \u017cyciu. M\u0142oda Para chce, by ten dzie\u0144 by\u0142 najpi\u0119kniejszy, a wszystko idealnie przygotowane. Pozw\u00f3lcie, \u017ce pomog\u0119 Wam uczyni\u0107 ten dzie\u0144 jeszcze pi\u0119kniejszym!<\/p>\n<p>Oferowany tu pokaz jest zarezerwowany wy\u0142\u0105cznie na wesela, co sprawia, \u017ce jest bardziej ni\u017c wyj\u0105tkowy. Idealnie dobrana muzyka, du\u017ca ilo\u015b\u0107 ognia, efekt\u00f3w specjalnych i pirotechniki sprawi, \u017ce i Wy, i Wasi go\u015bcie zapami\u0119taj\u0105 ten wyst\u0119p na d\u0142ugi, d\u0142ugi czas.<\/p>\n<p><strong>P\u0142on\u0105ce serce GRATIS<\/strong><\/p>\n<\/div>\n<div class=\"animation-standby animated none\">\n<p><strong>Czas:<\/strong> 11 minut<\/p>\n<p><strong>Dla kogo:<\/strong> dla ka\u017cdego<\/p>\n<p><strong>Rekwizyty:<\/strong> ogniowe, pirotechnika, LED, iskry<\/p>\n<p><strong>Minimalne wymiary sceny: <\/strong>6&#215;6 m<\/p>\n<p><strong>Cena:<\/strong> 1500 z\u0142 netto (1910 z\u0142 brutto)<\/p>\n<\/div>\n<div class=\"clearfix hline-common hline-single\" style=\"margin-top:10px;margin-bottom:30px;border-color:#ffffff;border-width:1px;\"><\/div>\n<div class=\"single-image-block none\" style=\"width:; margin:0 auto; margin-top:0px;margin-bottom:0px;padding-top:0;padding-bottom:0;text-align:left;\"><div class=\"block-reveal-image\"><\/div><img decoding=\"async\" src=\"http:\/\/isafira.pl\/wp-content\/uploads\/2023\/11\/Program-w-przygotowaniu.jpg\" alt=\"\"\/><\/div>\n<div class=\"animation-standby animated none\">\n<h2 style=\"text-align: center;\">Supernova<br \/>\n\u2043metal fireshow\u2043<\/h2>\n<p>Premiera: kwiecie\u0144 2024<\/p>\n<\/div>\n<div class=\"animation-standby animated none\">\n<p><strong>Czas:<\/strong> &#8211;<\/p>\n<p><strong>Dla kogo:<\/strong> dla ka\u017cdego<\/p>\n<p><strong>Rekwizyty:<\/strong> ogniowe, pirotechnika, iskry<\/p>\n<p><strong>Minimalne wymiary sceny:<\/strong> 10&#215;6 m<\/p>\n<p><strong>Cena:<\/strong> 1500 z\u0142 netto (1910 z\u0142 brutto)<\/p>\n<\/div>\n<div class=\"clearfix divider-common default-divider  divider-blank\" style=\"padding-top:56px;\"><\/div>\n","protected":false},"excerpt":{"rendered":"<p>Opowie\u015bci Midgardu \u2043pokaz podstawowy\u2043 Dobra czarodziejka przypadkiem trafia do \u015bwiata gdzie rz\u0105dzi z\u0142o i przemoc, ale dzi\u0119ki swojemu dobremu sercu udaje jej si\u0119 wyrwa\u0107 ze szpon\u00f3w z\u0142a i wr\u00f3ci\u0107 do swojej krainy. &#8220;Opowie\u015bci Midgardu&#8221; s\u0105 podstawowym programem na ka\u017cd\u0105 okazj\u0119: od festynu po wesele. Historia rozkr\u0119caj\u0105ca si\u0119 z minuty na minut\u0119, posiadaj\u0105ca element zaskoczenia i zachwytu. Mistyczna oprawa wizualna sprawia, \u017ce widownia jest wci\u0105gana w opowie\u015b\u0107 ju\u017c od pocz\u0105tku pokazu. Czas: 13 minut Dla kogo: bez ogranicze\u0144 wiekowych Rekwizyty: ogniowe, [&hellip;]<\/p>\n","protected":false},"author":1,"featured_media":0,"parent":0,"menu_order":0,"comment_status":"closed","ping_status":"closed","template":"","meta":{"_monsterinsights_skip_tracking":false,"_monsterinsights_sitenote_active":false,"_monsterinsights_sitenote_note":"","_monsterinsights_sitenote_category":0,"footnotes":""},"class_list":["post-11609","page","type-page","status-publish","hentry"],"aioseo_notices":[],"_links":{"self":[{"href":"https:\/\/isafira.pl\/index.php\/wp-json\/wp\/v2\/pages\/11609","targetHints":{"allow":["GET"]}}],"collection":[{"href":"https:\/\/isafira.pl\/index.php\/wp-json\/wp\/v2\/pages"}],"about":[{"href":"https:\/\/isafira.pl\/index.php\/wp-json\/wp\/v2\/types\/page"}],"author":[{"embeddable":true,"href":"https:\/\/isafira.pl\/index.php\/wp-json\/wp\/v2\/users\/1"}],"replies":[{"embeddable":true,"href":"https:\/\/isafira.pl\/index.php\/wp-json\/wp\/v2\/comments?post=11609"}],"version-history":[{"count":18,"href":"https:\/\/isafira.pl\/index.php\/wp-json\/wp\/v2\/pages\/11609\/revisions"}],"predecessor-version":[{"id":12362,"href":"https:\/\/isafira.pl\/index.php\/wp-json\/wp\/v2\/pages\/11609\/revisions\/12362"}],"wp:attachment":[{"href":"https:\/\/isafira.pl\/index.php\/wp-json\/wp\/v2\/media?parent=11609"}],"curies":[{"name":"wp","href":"https:\/\/api.w.org\/{rel}","templated":true}]}}